{"id":46,"date":"2016-10-04T14:22:47","date_gmt":"2016-10-04T12:22:47","guid":{"rendered":"http:\/\/www.lanwehr.eu\/shop_dev\/agb\/"},"modified":"2025-06-25T16:00:17","modified_gmt":"2025-06-25T14:00:17","slug":"agb","status":"publish","type":"page","link":"https:\/\/www.lanwehr.eu\/shop\/agb\/","title":{"rendered":"AGB"},"content":{"rendered":"<p>[et_pb_section fb_built=&#8220;1&#8243; admin_label=&#8220;section&#8220; _builder_version=&#8220;4.16&#8243; global_colors_info=&#8220;{}&#8220;][et_pb_row admin_label=&#8220;row&#8220; _builder_version=&#8220;4.16&#8243; background_size=&#8220;initial&#8220; background_position=&#8220;top_left&#8220; background_repeat=&#8220;repeat&#8220; global_colors_info=&#8220;{}&#8220;][et_pb_column type=&#8220;4_4&#8243; _builder_version=&#8220;4.16&#8243; custom_padding=&#8220;|||&#8220; global_colors_info=&#8220;{}&#8220; custom_padding__hover=&#8220;|||&#8220;][et_pb_text _builder_version=&#8220;4.27.4&#8243; _module_preset=&#8220;default&#8220; locked=&#8220;off&#8220; global_colors_info=&#8220;{}&#8220;]<\/p>\n<h1>AGB<\/h1>\n<p>[\/et_pb_text][et_pb_text admin_label=&#8220;Text&#8220; _builder_version=&#8220;4.27.4&#8243; background_size=&#8220;initial&#8220; background_position=&#8220;top_left&#8220; background_repeat=&#8220;repeat&#8220; hover_enabled=&#8220;0&#8243; global_colors_info=&#8220;{}&#8220; sticky_enabled=&#8220;0&#8243;]<\/p>\n<h2>VERKAUFS- UND LIEFERBEDINGUNGEN<\/h2>\n<p>1. Die Annahme der uns erteilten Auftr\u00e4ge erfolgt unter dem Vorbehalt der Lieferungsm\u00f6glichkeiten.<\/p>\n<p>2. Wir berechnen die am Tag der Lieferung gem\u00e4\u00df unserer jeweiligen Preisliste g\u00fcltigen Preise, zuz\u00fcglich gesetzlicher Mehrwertsteuer.<\/p>\n<p>3. Lieferung erfolgt innerhalb Deutschland ab Warenwert 100 Euro frei Haus. Der Warenwert versteht sich ausschlie\u00dflich Mehrwertsteuer. Bei verlangten Frischdienst-, Express- oder Eilgutsendungen gehen die Mehrkosten zu Lasten des K\u00e4ufers.<\/p>\n<p>4. Die Ware reist, sobald sie unser Haus verl\u00e4sst, auf Gefahr des Empf\u00e4ngers. Transportsch\u00e4den m\u00fcssen nach Waren\u00fcbernahme sofort bei Spedition, Bahn, Paketdiensten oder Post geltend gemacht werden. R\u00fccksendungen ohne vorherige Vereinbarung sind unzul\u00e4ssig und werden nicht entgegengenommen.<\/p>\n<p>5. M\u00e4ngelr\u00fcgen k\u00f6nnen nur ber\u00fccksichtigt werden, wenn sie uns innerhalb von 5 Tagen nach Erhalt der Ware schriftlich so vollst\u00e4ndig angezeigt werden, dass eine einwandfreie Nachpr\u00fcfung m\u00f6glich ist. Bei berechtigten M\u00e4ngelr\u00fcgen leisten wir unter Ausschluss weiterer Anspr\u00fcche Ersatz durch Lieferung mangelfreier Ware. F\u00fcr Sch\u00e4den, die durch Witterungseinfl\u00fcsse nach Verlassen der Manufaktur entstehen, haften wir nicht. Die Geltendmachung von M\u00e4ngelr\u00fcgen verl\u00e4ngert die Zahlungsfrist nicht.<\/p>\n<p>6. Kommt der Kunde mit der Abnahme eines Auftrages in Verzug, so k\u00f6nnen wir ohne Nachfristsetzung vom Vertrag zur\u00fccktreten und Schadenersatz wegen Nichterf\u00fcllung verlangen.<\/p>\n<p>7. Kriegszustand, Betriebs- oder Verkehrsst\u00f6rungen, Rohstoffmangel, beh\u00f6rdliche Verf\u00fcgungen, F\u00e4lle h\u00f6herer Gewalt und alle sonstigen Umst\u00e4nde, die unmittelbar oder mittelbar bei uns oder unseren Lieferanten die Herstellung oder Ablieferung st\u00f6ren oder unm\u00f6glich machen, befreien uns f\u00fcr die Dauer der St\u00f6rung von der Lieferung. Gleiches gilt, solange sich unser Vorlieferant mit seinen Lieferungen in Verzug befindet. Wir k\u00f6nnen die Waren nachliefern, zu deren fristgem\u00e4\u00dfen Lieferung wir wegen der Ziff. 7, Abs. 1 aufgef\u00fchrten Umst\u00e4nde nicht in der Lage sind, eine diesbez\u00fcgliche Verpflichtung \u00fcbernehmen wir jedoch nicht. Wir \u00fcbernehmen keine Verpflichtung zur Leistung von Schadenersatz wegen Verzuges.<\/p>\n<p>8. Zahlung mit Skontoabzug wie individuell vereinbart, jedoch sp\u00e4testens nach 30 Tagen rein netto.Bei Ziel\u00fcberschreitung werden bank\u00fcbliche Verzugszinsen berechnet.<\/p>\n<p>9. Wir behalten uns das Eigentum an der gelieferten Ware bis zur vollst\u00e4ndigen Bezahlung s\u00e4mtlicher Rechnungen aus der Gesch\u00e4ftsverbindung mit dem K\u00e4ufer vor. Der K\u00e4ufer ist verpflichtet, uns sofort Mitteilung zu machen, falls Dritte Anspr\u00fcche auf die in unserem Eigentum stehende Ware geltend machen oder diese gepf\u00e4ndet wird. Stellt der K\u00e4ufer seine Zahlung ein, so darf er \u00fcber die in seinem Eigentum stehenden Waren nicht mehr verf\u00fcgen.<\/p>\n<p>10. Abz\u00fcge f\u00fcr Rollgeld, Zustellgeb\u00fchren und dgl. sind unzul\u00e4ssig.<\/p>\n<p>11. R\u00fccksendungen nehmen wir nur entgegen, wenn sie kostenfrei erfolgen.<\/p>\n<p>12. Erf\u00fcllungsort und Gerichtsstand f\u00fcr beide Teile ist Illertissen.<\/p>\n<p>13. Die gegenst\u00e4ndlichen Verkaufs- und Lieferbedingungen gelten auch f\u00fcr k\u00fcnftige Auftr\u00e4ge ohne ausdr\u00fcckliche Vereinbarung.<\/p>\n<div id=\"mainContainer\">\u00a0<\/div>\n<p>&nbsp;<\/p>\n<div class=\"woocommerce woocommerce-gzd woocommerce-gzd-complaints-shortcode\">\n\t\t\t<h3>Alternative Streitbeilegung gem\u00e4\u00df Art. 14 Abs. 1 ODR-VO und \u00a7 36 VSBG:<\/h3>\n\t\n<p>Die Europ\u00e4ische Kommission stellt eine Plattform zur Online-Streitbeilegung (OS) bereit, die du unter <a href=\"https:\/\/ec.europa.eu\/consumers\/odr\" target=\"_blank\">https:\/\/ec.europa.eu\/consumers\/odr<\/a> findest. Zur Teilnahme an einem Streitbeilegungsverfahren vor einer Verbraucherschlichtungsstelle sind wir nicht verpflichtet und nicht bereit.<\/p>\n<\/div>\n<p>[\/et_pb_text][\/et_pb_column][\/et_pb_row][\/et_pb_section]<\/p>\n","protected":false},"excerpt":{"rendered":"<p>AGBVERKAUFS- UND LIEFERBEDINGUNGEN 1. Die Annahme der uns erteilten Auftr\u00e4ge erfolgt unter dem Vorbehalt der Lieferungsm\u00f6glichkeiten. 2. Wir berechnen die am Tag der Lieferung gem\u00e4\u00df unserer jeweiligen Preisliste g\u00fcltigen Preise, zuz\u00fcglich gesetzlicher Mehrwertsteuer. 3. Lieferung erfolgt innerhalb Deutschland ab Warenwert 100 Euro frei Haus. Der Warenwert versteht sich ausschlie\u00dflich Mehrwertsteuer. Bei verlangten Frischdienst-, Express- oder Eilgutsendungen gehen die Mehrkosten zu Lasten des K\u00e4ufers. 4. Die Ware reist, sobald sie unser Haus verl\u00e4sst, auf Gefahr des Empf\u00e4ngers. Transportsch\u00e4den m\u00fcssen nach Waren\u00fcbernahme sofort bei Spedition, Bahn, Paketdiensten oder Post geltend gemacht werden. R\u00fccksendungen ohne vorherige Vereinbarung sind unzul\u00e4ssig und werden nicht entgegengenommen. 5. M\u00e4ngelr\u00fcgen k\u00f6nnen nur ber\u00fccksichtigt werden, wenn sie uns innerhalb von 5 Tagen nach Erhalt der Ware schriftlich so vollst\u00e4ndig angezeigt werden, dass eine einwandfreie Nachpr\u00fcfung m\u00f6glich ist. Bei berechtigten M\u00e4ngelr\u00fcgen leisten wir unter Ausschluss weiterer Anspr\u00fcche Ersatz durch Lieferung mangelfreier Ware. F\u00fcr Sch\u00e4den, die durch Witterungseinfl\u00fcsse nach Verlassen der Manufaktur entstehen, haften wir nicht. Die Geltendmachung von M\u00e4ngelr\u00fcgen verl\u00e4ngert die Zahlungsfrist nicht. 6. Kommt der Kunde mit der Abnahme eines Auftrages in Verzug, so k\u00f6nnen wir ohne Nachfristsetzung vom Vertrag zur\u00fccktreten und Schadenersatz wegen Nichterf\u00fcllung verlangen. 7. Kriegszustand, Betriebs- oder Verkehrsst\u00f6rungen, Rohstoffmangel, beh\u00f6rdliche Verf\u00fcgungen, F\u00e4lle h\u00f6herer Gewalt und alle [&hellip;]<\/p>\n","protected":false},"author":1,"featured_media":0,"parent":0,"menu_order":0,"comment_status":"closed","ping_status":"closed","template":"","meta":{"_et_pb_use_builder":"on","_et_pb_old_content":"VERKAUFS- UND LIEFERBEDINGUNGEN\r\n\r\n1. Die Annahme der uns erteilten Auftr\u00e4ge erfolgt unter dem Vorbehalt der Lieferungsm\u00f6glichkeiten.\r\n\r\n2. Wir berechnen die am Tag der Lieferung gem\u00e4\u00df unserer jeweiligen Preisliste g\u00fcltigen Preise, zuz\u00fcglich gesetzlicher Mehrwertsteuer.\r\n\r\n3. Lieferung erfolgt innerhalb Deutschland ab Warenwert 100 Euro frei Haus. Der Warenwert versteht sich ausschlie\u00dflich Mehrwertsteuer. Bei verlangten Frischdienst-, Express- oder Eilgutsendungen gehen die Mehrkosten zu Lasten des K\u00e4ufers.\r\n\r\n4. Die Ware reist, sobald sie unser Haus verl\u00e4sst, auf Gefahr des Empf\u00e4ngers. Transportsch\u00e4den m\u00fcssen nach Waren\u00fcbernahme sofort bei Spedition, Bahn, Paketdiensten oder Post geltend gemacht werden. R\u00fccksendungen ohne vorherige Vereinbarung sind unzul\u00e4ssig und werden nicht entgegengenommen.\r\n\r\n5. M\u00e4ngelr\u00fcgen k\u00f6nnen nur ber\u00fccksichtigt werden, wenn sie uns innerhalb von 5 Tagen nach Erhalt der Ware schriftlich so vollst\u00e4ndig angezeigt werden, dass eine einwandfreie Nachpr\u00fcfung m\u00f6glich ist. Bei berechtigten M\u00e4ngelr\u00fcgen leisten wir unter Ausschluss weiterer Anspr\u00fcche Ersatz durch Lieferung mangelfreier Ware. F\u00fcr Sch\u00e4den, die durch Witterungseinfl\u00fcsse nach Verlassen der Manufaktur entstehen, haften wir nicht. Die Geltendmachung von M\u00e4ngelr\u00fcgen verl\u00e4ngert die Zahlungsfrist nicht.\r\n\r\n6. Kommt der Kunde mit der Abnahme eines Auftrages in Verzug, so k\u00f6nnen wir ohne Nachfristsetzung vom Vertrag zur\u00fccktreten und Schadenersatz wegen Nichterf\u00fcllung verlangen.\r\n\r\n7. Kriegszustand, Betriebs- oder Verkehrsst\u00f6rungen, Rohstoffmangel, beh\u00f6rdliche Verf\u00fcgungen, F\u00e4lle h\u00f6herer Gewalt und alle sonstigen Umst\u00e4nde, die unmittelbar oder mittelbar bei uns oder unseren Lieferanten die Herstellung oder Ablieferung st\u00f6ren oder unm\u00f6glich machen, befreien uns f\u00fcr die Dauer der St\u00f6rung von der Lieferung. Gleiches gilt, solange sich unser Vorlieferant mit seinen Lieferungen in Verzug befindet. Wir k\u00f6nnen die Waren nachliefern, zu deren fristgem\u00e4\u00dfen Lieferung wir wegen der Ziff. 7, Abs. 1 aufgef\u00fchrten Umst\u00e4nde nicht in der Lage sind, eine diesbez\u00fcgliche Verpflichtung \u00fcbernehmen wir jedoch nicht. Wir \u00fcbernehmen keine Verpflichtung zur Leistung von Schadenersatz wegen Verzuges.\r\n\r\n8. Zahlung mit Skontoabzug wie individuell vereinbart, jedoch sp\u00e4testens nach 30 Tagen rein netto.Bei Ziel\u00fcberschreitung werden bank\u00fcbliche Verzugszinsen berechnet.\r\n\r\n9. Wir behalten uns das Eigentum an der gelieferten Ware bis zur vollst\u00e4ndigen Bezahlung s\u00e4mtlicher Rechnungen aus der Gesch\u00e4ftsverbindung mit dem K\u00e4ufer vor. Der K\u00e4ufer ist verpflichtet, uns sofort Mitteilung zu machen, falls Dritte Anspr\u00fcche auf die in unserem Eigentum stehende Ware geltend machen oder diese gepf\u00e4ndet wird. Stellt der K\u00e4ufer seine Zahlung ein, so darf er \u00fcber die in seinem Eigentum stehenden Waren nicht mehr verf\u00fcgen.\r\n\r\n10. Abz\u00fcge f\u00fcr Rollgeld, Zustellgeb\u00fchren und dgl. sind unzul\u00e4ssig.\r\n\r\n11. R\u00fccksendungen nehmen wir nur entgegen, wenn sie kostenfrei erfolgen.\r\n\r\n12. Erf\u00fcllungsort und Gerichtsstand f\u00fcr beide Teile ist Illertissen.\r\n\r\n13. Die gegenst\u00e4ndlichen Verkaufs- und Lieferbedingungen gelten auch f\u00fcr k\u00fcnftige Auftr\u00e4ge ohne ausdr\u00fcckliche Vereinbarung.\r\n<div id=\"mainContainer\"><\/div>\r\n\u00a0\r\n\r\n[gzd_complaints]","_et_gb_content_width":"","footnotes":""},"class_list":["post-46","page","type-page","status-publish","hentry"],"yoast_head":"<!-- This site is optimized with the Yoast SEO plugin v25.3 - https:\/\/yoast.com\/wordpress\/plugins\/seo\/ -->\n<title>AGB | Lanwehr Shop<\/title>\n<meta name=\"robots\" content=\"index, follow, max-snippet:-1, max-image-preview:large, max-video-preview:-1\" \/>\n<link rel=\"canonical\" href=\"https:\/\/www.lanwehr.eu\/shop\/agb\/\" \/>\n<meta property=\"og:locale\" content=\"de_DE\" \/>\n<meta property=\"og:type\" content=\"article\" \/>\n<meta property=\"og:title\" content=\"AGB | Lanwehr Shop\" \/>\n<meta property=\"og:description\" content=\"AGBVERKAUFS- UND LIEFERBEDINGUNGEN 1. Die Annahme der uns erteilten Auftr\u00e4ge erfolgt unter dem Vorbehalt der Lieferungsm\u00f6glichkeiten. 2. Wir berechnen die am Tag der Lieferung gem\u00e4\u00df unserer jeweiligen Preisliste g\u00fcltigen Preise, zuz\u00fcglich gesetzlicher Mehrwertsteuer. 3. Lieferung erfolgt innerhalb Deutschland ab Warenwert 100 Euro frei Haus. Der Warenwert versteht sich ausschlie\u00dflich Mehrwertsteuer. Bei verlangten Frischdienst-, Express- oder Eilgutsendungen gehen die Mehrkosten zu Lasten des K\u00e4ufers. 4. Die Ware reist, sobald sie unser Haus verl\u00e4sst, auf Gefahr des Empf\u00e4ngers. Transportsch\u00e4den m\u00fcssen nach Waren\u00fcbernahme sofort bei Spedition, Bahn, Paketdiensten oder Post geltend gemacht werden. R\u00fccksendungen ohne vorherige Vereinbarung sind unzul\u00e4ssig und werden nicht entgegengenommen. 5. M\u00e4ngelr\u00fcgen k\u00f6nnen nur ber\u00fccksichtigt werden, wenn sie uns innerhalb von 5 Tagen nach Erhalt der Ware schriftlich so vollst\u00e4ndig angezeigt werden, dass eine einwandfreie Nachpr\u00fcfung m\u00f6glich ist. Bei berechtigten M\u00e4ngelr\u00fcgen leisten wir unter Ausschluss weiterer Anspr\u00fcche Ersatz durch Lieferung mangelfreier Ware. F\u00fcr Sch\u00e4den, die durch Witterungseinfl\u00fcsse nach Verlassen der Manufaktur entstehen, haften wir nicht. Die Geltendmachung von M\u00e4ngelr\u00fcgen verl\u00e4ngert die Zahlungsfrist nicht. 6. Kommt der Kunde mit der Abnahme eines Auftrages in Verzug, so k\u00f6nnen wir ohne Nachfristsetzung vom Vertrag zur\u00fccktreten und Schadenersatz wegen Nichterf\u00fcllung verlangen. 7. Kriegszustand, Betriebs- oder Verkehrsst\u00f6rungen, Rohstoffmangel, beh\u00f6rdliche Verf\u00fcgungen, F\u00e4lle h\u00f6herer Gewalt und alle [&hellip;]\" \/>\n<meta property=\"og:url\" content=\"https:\/\/www.lanwehr.eu\/shop\/agb\/\" \/>\n<meta property=\"og:site_name\" content=\"Lanwehr Shop\" \/>\n<meta property=\"article:modified_time\" content=\"2025-06-25T14:00:17+00:00\" \/>\n<meta name=\"twitter:card\" content=\"summary_large_image\" \/>\n<meta name=\"twitter:label1\" content=\"Gesch\u00e4tzte Lesezeit\" \/>\n\t<meta name=\"twitter:data1\" content=\"3\u00a0Minuten\" \/>\n<script type=\"application\/ld+json\" class=\"yoast-schema-graph\">{\"@context\":\"https:\/\/schema.org\",\"@graph\":[{\"@type\":\"WebPage\",\"@id\":\"https:\/\/www.lanwehr.eu\/shop\/agb\/\",\"url\":\"https:\/\/www.lanwehr.eu\/shop\/agb\/\",\"name\":\"AGB | Lanwehr Shop\",\"isPartOf\":{\"@id\":\"https:\/\/www.lanwehr.eu\/shop\/#website\"},\"datePublished\":\"2016-10-04T12:22:47+00:00\",\"dateModified\":\"2025-06-25T14:00:17+00:00\",\"breadcrumb\":{\"@id\":\"https:\/\/www.lanwehr.eu\/shop\/agb\/#breadcrumb\"},\"inLanguage\":\"de\",\"potentialAction\":[{\"@type\":\"ReadAction\",\"target\":[\"https:\/\/www.lanwehr.eu\/shop\/agb\/\"]}]},{\"@type\":\"BreadcrumbList\",\"@id\":\"https:\/\/www.lanwehr.eu\/shop\/agb\/#breadcrumb\",\"itemListElement\":[{\"@type\":\"ListItem\",\"position\":1,\"name\":\"Startseite\",\"item\":\"https:\/\/www.lanwehr.eu\/shop\/\"},{\"@type\":\"ListItem\",\"position\":2,\"name\":\"AGB\"}]},{\"@type\":\"WebSite\",\"@id\":\"https:\/\/www.lanwehr.eu\/shop\/#website\",\"url\":\"https:\/\/www.lanwehr.eu\/shop\/\",\"name\":\"Lanwehr Shop\",\"description\":\"Confiserie aus unserer Manufaktur\",\"publisher\":{\"@id\":\"https:\/\/www.lanwehr.eu\/shop\/#organization\"},\"potentialAction\":[{\"@type\":\"SearchAction\",\"target\":{\"@type\":\"EntryPoint\",\"urlTemplate\":\"https:\/\/www.lanwehr.eu\/shop\/?s={search_term_string}\"},\"query-input\":{\"@type\":\"PropertyValueSpecification\",\"valueRequired\":true,\"valueName\":\"search_term_string\"}}],\"inLanguage\":\"de\"},{\"@type\":\"Organization\",\"@id\":\"https:\/\/www.lanwehr.eu\/shop\/#organization\",\"name\":\"Lanwehr GmbH\",\"url\":\"https:\/\/www.lanwehr.eu\/shop\/\",\"logo\":{\"@type\":\"ImageObject\",\"inLanguage\":\"de\",\"@id\":\"https:\/\/www.lanwehr.eu\/shop\/#\/schema\/logo\/image\/\",\"url\":\"https:\/\/www.lanwehr.eu\/shop\/wp-content\/uploads\/logo_aufdunkel.png\",\"contentUrl\":\"https:\/\/www.lanwehr.eu\/shop\/wp-content\/uploads\/logo_aufdunkel.png\",\"width\":500,\"height\":100,\"caption\":\"Lanwehr GmbH\"},\"image\":{\"@id\":\"https:\/\/www.lanwehr.eu\/shop\/#\/schema\/logo\/image\/\"}}]}<\/script>\n<!-- \/ Yoast SEO plugin. -->","yoast_head_json":{"title":"AGB | Lanwehr Shop","robots":{"index":"index","follow":"follow","max-snippet":"max-snippet:-1","max-image-preview":"max-image-preview:large","max-video-preview":"max-video-preview:-1"},"canonical":"https:\/\/www.lanwehr.eu\/shop\/agb\/","og_locale":"de_DE","og_type":"article","og_title":"AGB | Lanwehr Shop","og_description":"AGBVERKAUFS- UND LIEFERBEDINGUNGEN 1. Die Annahme der uns erteilten Auftr\u00e4ge erfolgt unter dem Vorbehalt der Lieferungsm\u00f6glichkeiten. 2. Wir berechnen die am Tag der Lieferung gem\u00e4\u00df unserer jeweiligen Preisliste g\u00fcltigen Preise, zuz\u00fcglich gesetzlicher Mehrwertsteuer. 3. Lieferung erfolgt innerhalb Deutschland ab Warenwert 100 Euro frei Haus. Der Warenwert versteht sich ausschlie\u00dflich Mehrwertsteuer. Bei verlangten Frischdienst-, Express- oder Eilgutsendungen gehen die Mehrkosten zu Lasten des K\u00e4ufers. 4. Die Ware reist, sobald sie unser Haus verl\u00e4sst, auf Gefahr des Empf\u00e4ngers. Transportsch\u00e4den m\u00fcssen nach Waren\u00fcbernahme sofort bei Spedition, Bahn, Paketdiensten oder Post geltend gemacht werden. R\u00fccksendungen ohne vorherige Vereinbarung sind unzul\u00e4ssig und werden nicht entgegengenommen. 5. M\u00e4ngelr\u00fcgen k\u00f6nnen nur ber\u00fccksichtigt werden, wenn sie uns innerhalb von 5 Tagen nach Erhalt der Ware schriftlich so vollst\u00e4ndig angezeigt werden, dass eine einwandfreie Nachpr\u00fcfung m\u00f6glich ist. Bei berechtigten M\u00e4ngelr\u00fcgen leisten wir unter Ausschluss weiterer Anspr\u00fcche Ersatz durch Lieferung mangelfreier Ware. F\u00fcr Sch\u00e4den, die durch Witterungseinfl\u00fcsse nach Verlassen der Manufaktur entstehen, haften wir nicht. Die Geltendmachung von M\u00e4ngelr\u00fcgen verl\u00e4ngert die Zahlungsfrist nicht. 6. Kommt der Kunde mit der Abnahme eines Auftrages in Verzug, so k\u00f6nnen wir ohne Nachfristsetzung vom Vertrag zur\u00fccktreten und Schadenersatz wegen Nichterf\u00fcllung verlangen. 7. Kriegszustand, Betriebs- oder Verkehrsst\u00f6rungen, Rohstoffmangel, beh\u00f6rdliche Verf\u00fcgungen, F\u00e4lle h\u00f6herer Gewalt und alle [&hellip;]","og_url":"https:\/\/www.lanwehr.eu\/shop\/agb\/","og_site_name":"Lanwehr Shop","article_modified_time":"2025-06-25T14:00:17+00:00","twitter_card":"summary_large_image","twitter_misc":{"Gesch\u00e4tzte Lesezeit":"3\u00a0Minuten"},"schema":{"@context":"https:\/\/schema.org","@graph":[{"@type":"WebPage","@id":"https:\/\/www.lanwehr.eu\/shop\/agb\/","url":"https:\/\/www.lanwehr.eu\/shop\/agb\/","name":"AGB | Lanwehr Shop","isPartOf":{"@id":"https:\/\/www.lanwehr.eu\/shop\/#website"},"datePublished":"2016-10-04T12:22:47+00:00","dateModified":"2025-06-25T14:00:17+00:00","breadcrumb":{"@id":"https:\/\/www.lanwehr.eu\/shop\/agb\/#breadcrumb"},"inLanguage":"de","potentialAction":[{"@type":"ReadAction","target":["https:\/\/www.lanwehr.eu\/shop\/agb\/"]}]},{"@type":"BreadcrumbList","@id":"https:\/\/www.lanwehr.eu\/shop\/agb\/#breadcrumb","itemListElement":[{"@type":"ListItem","position":1,"name":"Startseite","item":"https:\/\/www.lanwehr.eu\/shop\/"},{"@type":"ListItem","position":2,"name":"AGB"}]},{"@type":"WebSite","@id":"https:\/\/www.lanwehr.eu\/shop\/#website","url":"https:\/\/www.lanwehr.eu\/shop\/","name":"Lanwehr Shop","description":"Confiserie aus unserer Manufaktur","publisher":{"@id":"https:\/\/www.lanwehr.eu\/shop\/#organization"},"potentialAction":[{"@type":"SearchAction","target":{"@type":"EntryPoint","urlTemplate":"https:\/\/www.lanwehr.eu\/shop\/?s={search_term_string}"},"query-input":{"@type":"PropertyValueSpecification","valueRequired":true,"valueName":"search_term_string"}}],"inLanguage":"de"},{"@type":"Organization","@id":"https:\/\/www.lanwehr.eu\/shop\/#organization","name":"Lanwehr GmbH","url":"https:\/\/www.lanwehr.eu\/shop\/","logo":{"@type":"ImageObject","inLanguage":"de","@id":"https:\/\/www.lanwehr.eu\/shop\/#\/schema\/logo\/image\/","url":"https:\/\/www.lanwehr.eu\/shop\/wp-content\/uploads\/logo_aufdunkel.png","contentUrl":"https:\/\/www.lanwehr.eu\/shop\/wp-content\/uploads\/logo_aufdunkel.png","width":500,"height":100,"caption":"Lanwehr GmbH"},"image":{"@id":"https:\/\/www.lanwehr.eu\/shop\/#\/schema\/logo\/image\/"}}]}},"_links":{"self":[{"href":"https:\/\/www.lanwehr.eu\/shop\/wp-json\/wp\/v2\/pages\/46","targetHints":{"allow":["GET"]}}],"collection":[{"href":"https:\/\/www.lanwehr.eu\/shop\/wp-json\/wp\/v2\/pages"}],"about":[{"href":"https:\/\/www.lanwehr.eu\/shop\/wp-json\/wp\/v2\/types\/page"}],"author":[{"embeddable":true,"href":"https:\/\/www.lanwehr.eu\/shop\/wp-json\/wp\/v2\/users\/1"}],"replies":[{"embeddable":true,"href":"https:\/\/www.lanwehr.eu\/shop\/wp-json\/wp\/v2\/comments?post=46"}],"version-history":[{"count":7,"href":"https:\/\/www.lanwehr.eu\/shop\/wp-json\/wp\/v2\/pages\/46\/revisions"}],"predecessor-version":[{"id":3093,"href":"https:\/\/www.lanwehr.eu\/shop\/wp-json\/wp\/v2\/pages\/46\/revisions\/3093"}],"wp:attachment":[{"href":"https:\/\/www.lanwehr.eu\/shop\/wp-json\/wp\/v2\/media?parent=46"}],"curies":[{"name":"wp","href":"https:\/\/api.w.org\/{rel}","templated":true}]}}