{"id":496,"date":"2020-03-20T09:29:04","date_gmt":"2020-03-20T08:29:04","guid":{"rendered":"https:\/\/www.lanwehr.eu\/shop_dev\/?post_type=product&#038;p=496"},"modified":"2026-03-20T08:39:24","modified_gmt":"2026-03-20T07:39:24","slug":"pralinenkunst-zartbitter-200-g","status":"publish","type":"product","link":"https:\/\/www.lanwehr.eu\/shop\/produkt\/pralinenkunst-zartbitter-200-g\/","title":{"rendered":"Pralinenkunst Zartbitter, 200g"},"content":{"rendered":"<p>[et_pb_section fb_built=&#8220;1&#8243; _builder_version=&#8220;4.16&#8243; custom_padding=&#8220;0px||||false|false&#8220; global_colors_info=&#8220;{}&#8220;][et_pb_row _builder_version=&#8220;4.16&#8243; background_size=&#8220;initial&#8220; background_position=&#8220;top_left&#8220; background_repeat=&#8220;repeat&#8220; width=&#8220;100%&#8220; custom_padding=&#8220;0px||0px||false|false&#8220; global_colors_info=&#8220;{}&#8220;][et_pb_column type=&#8220;4_4&#8243; _builder_version=&#8220;4.16&#8243; custom_padding=&#8220;|||&#8220; global_colors_info=&#8220;{}&#8220; custom_padding__hover=&#8220;|||&#8220;][et_pb_wc_breadcrumb _builder_version=&#8220;4.16&#8243; global_colors_info=&#8220;{}&#8220;][\/et_pb_wc_breadcrumb][et_pb_wc_cart_notice _builder_version=&#8220;4.16&#8243; global_colors_info=&#8220;{}&#8220;][\/et_pb_wc_cart_notice][\/et_pb_column][\/et_pb_row][et_pb_row column_structure=&#8220;1_2,1_2&#8243; _builder_version=&#8220;4.16&#8243; background_size=&#8220;initial&#8220; background_position=&#8220;top_left&#8220; background_repeat=&#8220;repeat&#8220; width=&#8220;100%&#8220; custom_padding=&#8220;0px||||false|false&#8220; global_colors_info=&#8220;{}&#8220;][et_pb_column type=&#8220;1_2&#8243; _builder_version=&#8220;4.16&#8243; custom_padding=&#8220;|||&#8220; global_colors_info=&#8220;{}&#8220; custom_padding__hover=&#8220;|||&#8220;][et_pb_wc_images _builder_version=&#8220;4.16&#8243; global_colors_info=&#8220;{}&#8220;][\/et_pb_wc_images][\/et_pb_column][et_pb_column type=&#8220;1_2&#8243; _builder_version=&#8220;4.16&#8243; custom_padding=&#8220;|||&#8220; global_colors_info=&#8220;{}&#8220; custom_padding__hover=&#8220;|||&#8220;][et_pb_wc_title _builder_version=&#8220;4.16&#8243; global_colors_info=&#8220;{}&#8220;][\/et_pb_wc_title][et_pb_wc_rating _builder_version=&#8220;4.16&#8243; global_colors_info=&#8220;{}&#8220;][\/et_pb_wc_rating][et_pb_wc_price _builder_version=&#8220;4.16&#8243; global_colors_info=&#8220;{}&#8220;][\/et_pb_wc_price][et_pb_wc_description _builder_version=&#8220;4.16&#8243; global_colors_info=&#8220;{}&#8220;][\/et_pb_wc_description][et_pb_wc_add_to_cart _builder_version=&#8220;4.16&#8243; global_colors_info=&#8220;{}&#8220;][\/et_pb_wc_add_to_cart][et_pb_wc_meta _builder_version=&#8220;4.16&#8243; global_colors_info=&#8220;{}&#8220;][\/et_pb_wc_meta][\/et_pb_column][\/et_pb_row][et_pb_row _builder_version=&#8220;4.16&#8243; background_size=&#8220;initial&#8220; background_position=&#8220;top_left&#8220; background_repeat=&#8220;repeat&#8220; width=&#8220;100%&#8220; global_colors_info=&#8220;{}&#8220;][et_pb_column type=&#8220;4_4&#8243; _builder_version=&#8220;4.16&#8243; custom_padding=&#8220;|||&#8220; global_colors_info=&#8220;{}&#8220; custom_padding__hover=&#8220;|||&#8220;][et_pb_tabs _builder_version=&#8220;4.27.4&#8243; _module_preset=&#8220;default&#8220; locked=&#8220;off&#8220; global_colors_info=&#8220;{}&#8220;][et_pb_tab title=&#8220;Beschreibung&#8220; _builder_version=&#8220;4.27.4&#8243; _dynamic_attributes=&#8220;content&#8220; _module_preset=&#8220;default&#8220; global_colors_info=&#8220;{}&#8220;]@ET-DC@eyJkeW5hbWljIjp0cnVlLCJjb250ZW50IjoicHJvZHVjdF9kZXNjcmlwdGlvbiIsInNldHRpbmdzIjp7ImJlZm9yZSI6IiIsImFmdGVyIjoiIiwiZW5hYmxlX2h0bWwiOiJvZmYifX0=@[\/et_pb_tab][et_pb_tab title=&#8220;Zutaten&#8220; _builder_version=&#8220;4.27.4&#8243; _module_preset=&#8220;default&#8220; global_colors_info=&#8220;{}&#8220;]Zucker, Kakaomasse, Kakaobutter, <strong>Sahne<\/strong>, Glukose-Fruktose-Sirup, <strong>Butter, Vollmilchpulver, Mandeln, Haselnusskerne, Kondensmilch, Butterreinfett,<\/strong> Kakaopulver, Weinbrand, Marc de Champagne, Kirschwasser, Wodka, Pistazien, Invertzuckersirup, Schwarze Johannisbeere P\u00fcree, Bitter, Orangensaftkonzentrat, Emulgatoren: <strong>Sojalecithine<\/strong>, Sonnenblumenlecithine; Orangenschalen mit Konservierungsstoff: <strong>Schwefeldioxyd; Mandellik\u00f6r<\/strong>, Alkohol, Williamsgeist, Orangensaft, Schwarze Johannisbeere Pulver, pflanzliches Fett (Palm), nat\u00fcrliches Vanillearoma, \u00dcberzugsmittel: Schellack, Gummi arabicum; Rosenextrakt, S\u00e4uerungsmittel: Citronens\u00e4ure; Orangen\u00f6l, <strong>Magermilchpulve<\/strong>r, Vanilleschoten gemahlen, Aromen, Farbstoffe: Echtes Karmin, Carotin; Feuchthaltemittel: Invertase.<\/p>\n<table border=\"0\" width=\"350\" cellspacing=\"0\" cellpadding=\"0\">\n<tbody>\n<tr>\n<td valign=\"baseline\" width=\"350\"><\/td>\n<\/tr>\n<tr>\n<td valign=\"baseline\" width=\"350\">Allergene: Kann Spuren von anderen Schalenfr\u00fcchten und Gluten enthalten.<\/td>\n<\/tr>\n<\/tbody>\n<\/table>\n<p>[\/et_pb_tab][et_pb_tab title=&#8220;N\u00e4hrwert von 100 g&#8220; _builder_version=&#8220;4.27.4&#8243; _module_preset=&#8220;default&#8220; global_colors_info=&#8220;{}&#8220;]<\/p>\n<table border=\"0\" width=\"350\" cellspacing=\"0\" cellpadding=\"0\">\n<tbody>\n<tr style=\"height: 23px\">\n<td style=\"height: 23px\" valign=\"baseline\" width=\"70\">Energie<\/td>\n<td style=\"height: 23px\" align=\"right\" valign=\"baseline\" width=\"280\">2155 kJ \/ 515 kcal<\/td>\n<\/tr>\n<tr style=\"height: 23px\">\n<td style=\"height: 23px\" valign=\"baseline\" width=\"131\">Fett<\/td>\n<td style=\"height: 23px\" align=\"right\" valign=\"baseline\" width=\"219\">33 g<\/td>\n<\/tr>\n<tr style=\"height: 47px\">\n<td style=\"padding-left: 10px;height: 47px\" valign=\"baseline\" width=\"200\">davon ges\u00e4ttigte Fetts\u00e4uren<\/td>\n<td style=\"height: 47px\" align=\"right\" valign=\"baseline\" width=\"150\">19 g<\/td>\n<\/tr>\n<tr style=\"height: 23.2px\">\n<td style=\"height: 23.2px\" valign=\"baseline\" width=\"131\">Kohlenhydrate<\/td>\n<td style=\"height: 23.2px\" align=\"right\" valign=\"baseline\" width=\"219\">46 g<\/td>\n<\/tr>\n<tr style=\"height: 23px\">\n<td style=\"padding-left: 10px;height: 23px\" valign=\"baseline\" width=\"131\">davon Zucker<\/td>\n<td style=\"height: 23px\" align=\"right\" valign=\"baseline\" width=\"219\">41 g<\/td>\n<\/tr>\n<tr style=\"height: 23px\">\n<td style=\"height: 23px\" valign=\"baseline\" width=\"131\">Eiwei\u00df<\/td>\n<td style=\"height: 23px\" align=\"right\" valign=\"baseline\" width=\"219\">4,9 g<\/td>\n<\/tr>\n<tr style=\"height: 23px\">\n<td style=\"height: 23px\" valign=\"baseline\" width=\"131\">Salz<\/td>\n<td style=\"height: 23px\" align=\"right\" valign=\"baseline\" width=\"219\">0,04 g<\/td>\n<\/tr>\n<\/tbody>\n<\/table>\n<p>[\/et_pb_tab][\/et_pb_tabs][et_pb_wc_upsells _builder_version=&#8220;4.16&#8243; global_colors_info=&#8220;{}&#8220;][\/et_pb_wc_upsells][et_pb_wc_related_products _builder_version=&#8220;4.16&#8243; global_colors_info=&#8220;{}&#8220;][\/et_pb_wc_related_products][\/et_pb_column][\/et_pb_row][\/et_pb_section]<\/p>\n","protected":false},"excerpt":{"rendered":"<p>Inhalt: 1 (11,98 \u20ac \/ 100 g)<\/p>\n","protected":false},"featured_media":451,"template":"","meta":{"_et_pb_use_builder":"on","_et_pb_old_content":"Pistazien-Praline, Marc de Champagne, Tr\u00fcffel Extra Herb, Amaretto, N\u00fcsse in Nussbitternougat, Campari-Orange, Rahm-Cassis, Mousse au Chocolat.\r\n200 g \/ 16 Pralinen.","_et_gb_content_width":""},"product_brand":[],"product_cat":[25],"product_tag":[],"class_list":{"0":"post-496","1":"product","2":"type-product","3":"status-publish","4":"has-post-thumbnail","6":"product_cat-geschenkpackungen","8":"first","9":"instock","10":"taxable","11":"shipping-taxable","12":"purchasable","13":"product-type-simple"},"yoast_head":"<!-- This site is optimized with the Yoast SEO plugin v25.3 - https:\/\/yoast.com\/wordpress\/plugins\/seo\/ -->\n<title>Pralinenkunst Zartbitter, 200g | Lanwehr Shop<\/title>\n<meta name=\"robots\" content=\"index, follow, max-snippet:-1, max-image-preview:large, max-video-preview:-1\" \/>\n<link rel=\"canonical\" href=\"https:\/\/www.lanwehr.eu\/shop\/produkt\/pralinenkunst-zartbitter-200-g\/\" \/>\n<meta property=\"og:locale\" content=\"de_DE\" \/>\n<meta property=\"og:type\" content=\"article\" \/>\n<meta property=\"og:title\" content=\"Pralinenkunst Zartbitter, 200g | Lanwehr Shop\" \/>\n<meta property=\"og:description\" content=\"Inhalt: 1 (11,98 \u20ac \/ 100 g)\" \/>\n<meta property=\"og:url\" content=\"https:\/\/www.lanwehr.eu\/shop\/produkt\/pralinenkunst-zartbitter-200-g\/\" \/>\n<meta property=\"og:site_name\" content=\"Lanwehr Shop\" \/>\n<meta property=\"article:modified_time\" content=\"2026-03-20T07:39:24+00:00\" \/>\n<meta property=\"og:image\" content=\"https:\/\/www.lanwehr.eu\/shop\/wp-content\/uploads\/32320_pralinenkunst_zartbitter.jpg\" \/>\n\t<meta property=\"og:image:width\" content=\"1200\" \/>\n\t<meta property=\"og:image:height\" content=\"1000\" \/>\n\t<meta property=\"og:image:type\" content=\"image\/jpeg\" \/>\n<meta name=\"twitter:card\" content=\"summary_large_image\" \/>\n<meta name=\"twitter:label1\" content=\"Gesch\u00e4tzte Lesezeit\" \/>\n\t<meta name=\"twitter:data1\" content=\"2\u00a0Minuten\" \/>\n<script type=\"application\/ld+json\" class=\"yoast-schema-graph\">{\"@context\":\"https:\/\/schema.org\",\"@graph\":[{\"@type\":\"WebPage\",\"@id\":\"https:\/\/www.lanwehr.eu\/shop\/produkt\/pralinenkunst-zartbitter-200-g\/\",\"url\":\"https:\/\/www.lanwehr.eu\/shop\/produkt\/pralinenkunst-zartbitter-200-g\/\",\"name\":\"Pralinenkunst Zartbitter, 200g | Lanwehr Shop\",\"isPartOf\":{\"@id\":\"https:\/\/www.lanwehr.eu\/shop\/#website\"},\"primaryImageOfPage\":{\"@id\":\"https:\/\/www.lanwehr.eu\/shop\/produkt\/pralinenkunst-zartbitter-200-g\/#primaryimage\"},\"image\":{\"@id\":\"https:\/\/www.lanwehr.eu\/shop\/produkt\/pralinenkunst-zartbitter-200-g\/#primaryimage\"},\"thumbnailUrl\":\"https:\/\/www.lanwehr.eu\/shop\/wp-content\/uploads\/32320_pralinenkunst_zartbitter.jpg\",\"datePublished\":\"2020-03-20T08:29:04+00:00\",\"dateModified\":\"2026-03-20T07:39:24+00:00\",\"breadcrumb\":{\"@id\":\"https:\/\/www.lanwehr.eu\/shop\/produkt\/pralinenkunst-zartbitter-200-g\/#breadcrumb\"},\"inLanguage\":\"de\",\"potentialAction\":[{\"@type\":\"ReadAction\",\"target\":[\"https:\/\/www.lanwehr.eu\/shop\/produkt\/pralinenkunst-zartbitter-200-g\/\"]}]},{\"@type\":\"ImageObject\",\"inLanguage\":\"de\",\"@id\":\"https:\/\/www.lanwehr.eu\/shop\/produkt\/pralinenkunst-zartbitter-200-g\/#primaryimage\",\"url\":\"https:\/\/www.lanwehr.eu\/shop\/wp-content\/uploads\/32320_pralinenkunst_zartbitter.jpg\",\"contentUrl\":\"https:\/\/www.lanwehr.eu\/shop\/wp-content\/uploads\/32320_pralinenkunst_zartbitter.jpg\",\"width\":1200,\"height\":1000,\"caption\":\"Lanwehr Packung mit Pralinenkunst Zartbitter Pralinen\"},{\"@type\":\"BreadcrumbList\",\"@id\":\"https:\/\/www.lanwehr.eu\/shop\/produkt\/pralinenkunst-zartbitter-200-g\/#breadcrumb\",\"itemListElement\":[{\"@type\":\"ListItem\",\"position\":1,\"name\":\"Startseite\",\"item\":\"https:\/\/www.lanwehr.eu\/shop\/\"},{\"@type\":\"ListItem\",\"position\":2,\"name\":\"Produkte\",\"item\":\"https:\/\/www.lanwehr.eu\/shop\/shop\/\"},{\"@type\":\"ListItem\",\"position\":3,\"name\":\"Pralinenkunst Zartbitter, 200g\"}]},{\"@type\":\"WebSite\",\"@id\":\"https:\/\/www.lanwehr.eu\/shop\/#website\",\"url\":\"https:\/\/www.lanwehr.eu\/shop\/\",\"name\":\"Lanwehr Shop\",\"description\":\"Confiserie aus unserer Manufaktur\",\"publisher\":{\"@id\":\"https:\/\/www.lanwehr.eu\/shop\/#organization\"},\"potentialAction\":[{\"@type\":\"SearchAction\",\"target\":{\"@type\":\"EntryPoint\",\"urlTemplate\":\"https:\/\/www.lanwehr.eu\/shop\/?s={search_term_string}\"},\"query-input\":{\"@type\":\"PropertyValueSpecification\",\"valueRequired\":true,\"valueName\":\"search_term_string\"}}],\"inLanguage\":\"de\"},{\"@type\":\"Organization\",\"@id\":\"https:\/\/www.lanwehr.eu\/shop\/#organization\",\"name\":\"Lanwehr GmbH\",\"url\":\"https:\/\/www.lanwehr.eu\/shop\/\",\"logo\":{\"@type\":\"ImageObject\",\"inLanguage\":\"de\",\"@id\":\"https:\/\/www.lanwehr.eu\/shop\/#\/schema\/logo\/image\/\",\"url\":\"https:\/\/www.lanwehr.eu\/shop\/wp-content\/uploads\/logo_aufdunkel.png\",\"contentUrl\":\"https:\/\/www.lanwehr.eu\/shop\/wp-content\/uploads\/logo_aufdunkel.png\",\"width\":500,\"height\":100,\"caption\":\"Lanwehr GmbH\"},\"image\":{\"@id\":\"https:\/\/www.lanwehr.eu\/shop\/#\/schema\/logo\/image\/\"}}]}<\/script>\n<!-- \/ Yoast SEO plugin. -->","yoast_head_json":{"title":"Pralinenkunst Zartbitter, 200g | Lanwehr Shop","robots":{"index":"index","follow":"follow","max-snippet":"max-snippet:-1","max-image-preview":"max-image-preview:large","max-video-preview":"max-video-preview:-1"},"canonical":"https:\/\/www.lanwehr.eu\/shop\/produkt\/pralinenkunst-zartbitter-200-g\/","og_locale":"de_DE","og_type":"article","og_title":"Pralinenkunst Zartbitter, 200g | Lanwehr Shop","og_description":"Inhalt: 1 (11,98 \u20ac \/ 100 g)","og_url":"https:\/\/www.lanwehr.eu\/shop\/produkt\/pralinenkunst-zartbitter-200-g\/","og_site_name":"Lanwehr Shop","article_modified_time":"2026-03-20T07:39:24+00:00","og_image":[{"width":1200,"height":1000,"url":"https:\/\/www.lanwehr.eu\/shop\/wp-content\/uploads\/32320_pralinenkunst_zartbitter.jpg","type":"image\/jpeg"}],"twitter_card":"summary_large_image","twitter_misc":{"Gesch\u00e4tzte Lesezeit":"2\u00a0Minuten"},"schema":{"@context":"https:\/\/schema.org","@graph":[{"@type":"WebPage","@id":"https:\/\/www.lanwehr.eu\/shop\/produkt\/pralinenkunst-zartbitter-200-g\/","url":"https:\/\/www.lanwehr.eu\/shop\/produkt\/pralinenkunst-zartbitter-200-g\/","name":"Pralinenkunst Zartbitter, 200g | Lanwehr Shop","isPartOf":{"@id":"https:\/\/www.lanwehr.eu\/shop\/#website"},"primaryImageOfPage":{"@id":"https:\/\/www.lanwehr.eu\/shop\/produkt\/pralinenkunst-zartbitter-200-g\/#primaryimage"},"image":{"@id":"https:\/\/www.lanwehr.eu\/shop\/produkt\/pralinenkunst-zartbitter-200-g\/#primaryimage"},"thumbnailUrl":"https:\/\/www.lanwehr.eu\/shop\/wp-content\/uploads\/32320_pralinenkunst_zartbitter.jpg","datePublished":"2020-03-20T08:29:04+00:00","dateModified":"2026-03-20T07:39:24+00:00","breadcrumb":{"@id":"https:\/\/www.lanwehr.eu\/shop\/produkt\/pralinenkunst-zartbitter-200-g\/#breadcrumb"},"inLanguage":"de","potentialAction":[{"@type":"ReadAction","target":["https:\/\/www.lanwehr.eu\/shop\/produkt\/pralinenkunst-zartbitter-200-g\/"]}]},{"@type":"ImageObject","inLanguage":"de","@id":"https:\/\/www.lanwehr.eu\/shop\/produkt\/pralinenkunst-zartbitter-200-g\/#primaryimage","url":"https:\/\/www.lanwehr.eu\/shop\/wp-content\/uploads\/32320_pralinenkunst_zartbitter.jpg","contentUrl":"https:\/\/www.lanwehr.eu\/shop\/wp-content\/uploads\/32320_pralinenkunst_zartbitter.jpg","width":1200,"height":1000,"caption":"Lanwehr Packung mit Pralinenkunst Zartbitter Pralinen"},{"@type":"BreadcrumbList","@id":"https:\/\/www.lanwehr.eu\/shop\/produkt\/pralinenkunst-zartbitter-200-g\/#breadcrumb","itemListElement":[{"@type":"ListItem","position":1,"name":"Startseite","item":"https:\/\/www.lanwehr.eu\/shop\/"},{"@type":"ListItem","position":2,"name":"Produkte","item":"https:\/\/www.lanwehr.eu\/shop\/shop\/"},{"@type":"ListItem","position":3,"name":"Pralinenkunst Zartbitter, 200g"}]},{"@type":"WebSite","@id":"https:\/\/www.lanwehr.eu\/shop\/#website","url":"https:\/\/www.lanwehr.eu\/shop\/","name":"Lanwehr Shop","description":"Confiserie aus unserer Manufaktur","publisher":{"@id":"https:\/\/www.lanwehr.eu\/shop\/#organization"},"potentialAction":[{"@type":"SearchAction","target":{"@type":"EntryPoint","urlTemplate":"https:\/\/www.lanwehr.eu\/shop\/?s={search_term_string}"},"query-input":{"@type":"PropertyValueSpecification","valueRequired":true,"valueName":"search_term_string"}}],"inLanguage":"de"},{"@type":"Organization","@id":"https:\/\/www.lanwehr.eu\/shop\/#organization","name":"Lanwehr GmbH","url":"https:\/\/www.lanwehr.eu\/shop\/","logo":{"@type":"ImageObject","inLanguage":"de","@id":"https:\/\/www.lanwehr.eu\/shop\/#\/schema\/logo\/image\/","url":"https:\/\/www.lanwehr.eu\/shop\/wp-content\/uploads\/logo_aufdunkel.png","contentUrl":"https:\/\/www.lanwehr.eu\/shop\/wp-content\/uploads\/logo_aufdunkel.png","width":500,"height":100,"caption":"Lanwehr GmbH"},"image":{"@id":"https:\/\/www.lanwehr.eu\/shop\/#\/schema\/logo\/image\/"}}]}},"_links":{"self":[{"href":"https:\/\/www.lanwehr.eu\/shop\/wp-json\/wp\/v2\/product\/496","targetHints":{"allow":["GET"]}}],"collection":[{"href":"https:\/\/www.lanwehr.eu\/shop\/wp-json\/wp\/v2\/product"}],"about":[{"href":"https:\/\/www.lanwehr.eu\/shop\/wp-json\/wp\/v2\/types\/product"}],"wp:featuredmedia":[{"embeddable":true,"href":"https:\/\/www.lanwehr.eu\/shop\/wp-json\/wp\/v2\/media\/451"}],"wp:attachment":[{"href":"https:\/\/www.lanwehr.eu\/shop\/wp-json\/wp\/v2\/media?parent=496"}],"wp:term":[{"taxonomy":"product_brand","embeddable":true,"href":"https:\/\/www.lanwehr.eu\/shop\/wp-json\/wp\/v2\/product_brand?post=496"},{"taxonomy":"product_cat","embeddable":true,"href":"https:\/\/www.lanwehr.eu\/shop\/wp-json\/wp\/v2\/product_cat?post=496"},{"taxonomy":"product_tag","embeddable":true,"href":"https:\/\/www.lanwehr.eu\/shop\/wp-json\/wp\/v2\/product_tag?post=496"}],"curies":[{"name":"wp","href":"https:\/\/api.w.org\/{rel}","templated":true}]}}