{"id":99,"date":"2016-10-04T16:56:17","date_gmt":"2016-10-04T14:56:17","guid":{"rendered":"http:\/\/www.lanwehr.eu\/shop_dev\/produkt\/marzipan-variation\/"},"modified":"2025-06-27T09:11:31","modified_gmt":"2025-06-27T07:11:31","slug":"marzipan-variation","status":"publish","type":"product","link":"https:\/\/www.lanwehr.eu\/shop\/produkt\/marzipan-variation\/","title":{"rendered":"Marzipan Variation"},"content":{"rendered":"<p>[et_pb_section fb_built=&#8220;1&#8243; _builder_version=&#8220;4.16&#8243; custom_padding=&#8220;0px||||false|false&#8220; global_colors_info=&#8220;{}&#8220;][et_pb_row _builder_version=&#8220;4.16&#8243; background_size=&#8220;initial&#8220; background_position=&#8220;top_left&#8220; background_repeat=&#8220;repeat&#8220; width=&#8220;100%&#8220; custom_padding=&#8220;0px||0px||false|false&#8220; global_colors_info=&#8220;{}&#8220;][et_pb_column type=&#8220;4_4&#8243; _builder_version=&#8220;4.16&#8243; custom_padding=&#8220;|||&#8220; global_colors_info=&#8220;{}&#8220; custom_padding__hover=&#8220;|||&#8220;][et_pb_wc_breadcrumb _builder_version=&#8220;4.16&#8243; global_colors_info=&#8220;{}&#8220;][\/et_pb_wc_breadcrumb][et_pb_wc_cart_notice _builder_version=&#8220;4.16&#8243; global_colors_info=&#8220;{}&#8220;][\/et_pb_wc_cart_notice][\/et_pb_column][\/et_pb_row][et_pb_row column_structure=&#8220;1_2,1_2&#8243; _builder_version=&#8220;4.16&#8243; background_size=&#8220;initial&#8220; background_position=&#8220;top_left&#8220; background_repeat=&#8220;repeat&#8220; width=&#8220;100%&#8220; custom_padding=&#8220;0px||||false|false&#8220; global_colors_info=&#8220;{}&#8220;][et_pb_column type=&#8220;1_2&#8243; _builder_version=&#8220;4.16&#8243; custom_padding=&#8220;|||&#8220; global_colors_info=&#8220;{}&#8220; custom_padding__hover=&#8220;|||&#8220;][et_pb_wc_images _builder_version=&#8220;4.16&#8243; global_colors_info=&#8220;{}&#8220;][\/et_pb_wc_images][\/et_pb_column][et_pb_column type=&#8220;1_2&#8243; _builder_version=&#8220;4.16&#8243; custom_padding=&#8220;|||&#8220; global_colors_info=&#8220;{}&#8220; custom_padding__hover=&#8220;|||&#8220;][et_pb_wc_title _builder_version=&#8220;4.16&#8243; global_colors_info=&#8220;{}&#8220;][\/et_pb_wc_title][et_pb_wc_rating _builder_version=&#8220;4.16&#8243; global_colors_info=&#8220;{}&#8220;][\/et_pb_wc_rating][et_pb_wc_price _builder_version=&#8220;4.16&#8243; global_colors_info=&#8220;{}&#8220;][\/et_pb_wc_price][et_pb_wc_description _builder_version=&#8220;4.16&#8243; global_colors_info=&#8220;{}&#8220;][\/et_pb_wc_description][et_pb_wc_add_to_cart _builder_version=&#8220;4.16&#8243; global_colors_info=&#8220;{}&#8220;][\/et_pb_wc_add_to_cart][et_pb_wc_meta _builder_version=&#8220;4.16&#8243; global_colors_info=&#8220;{}&#8220;][\/et_pb_wc_meta][\/et_pb_column][\/et_pb_row][et_pb_row _builder_version=&#8220;4.16&#8243; background_size=&#8220;initial&#8220; background_position=&#8220;top_left&#8220; background_repeat=&#8220;repeat&#8220; width=&#8220;100%&#8220; global_colors_info=&#8220;{}&#8220;][et_pb_column type=&#8220;4_4&#8243; _builder_version=&#8220;4.16&#8243; custom_padding=&#8220;|||&#8220; global_colors_info=&#8220;{}&#8220; custom_padding__hover=&#8220;|||&#8220;][et_pb_tabs _builder_version=&#8220;4.27.4&#8243; _module_preset=&#8220;default&#8220; hover_enabled=&#8220;0&#8243; locked=&#8220;off&#8220; global_colors_info=&#8220;{}&#8220; sticky_enabled=&#8220;0&#8243;][et_pb_tab title=&#8220;Beschreibung&#8220; _builder_version=&#8220;4.27.4&#8243; _dynamic_attributes=&#8220;content&#8220; _module_preset=&#8220;default&#8220; global_colors_info=&#8220;{}&#8220;]@ET-DC@eyJkeW5hbWljIjp0cnVlLCJjb250ZW50IjoicHJvZHVjdF9kZXNjcmlwdGlvbiIsInNldHRpbmdzIjp7ImJlZm9yZSI6IiIsImFmdGVyIjoiIn19@[\/et_pb_tab][et_pb_tab title=&#8220;Zutaten&#8220; _builder_version=&#8220;4.27.4&#8243; _module_preset=&#8220;default&#8220; hover_enabled=&#8220;0&#8243; global_colors_info=&#8220;{}&#8220; sticky_enabled=&#8220;0&#8243;]Zucker, <strong>Mandeln<\/strong>, Kakaobutter, Kakaomasse, Wasser, <strong>Vollmilchpulver<\/strong>, Invertzuckersirup, <strong>Waln\u00fcsse<\/strong>, Obstbranntwein, <strong>Pistazien<\/strong>, Glukosesirup, Kirschwasser, Zwetschgenmark, nat\u00fcrliches Orangen-Aroma, Kirschen, Orangenschalen kandiert, <strong>Haselnusskerne<\/strong>, Glukose-Fruktose-Sirup, Alkohol, Rum, Zitronensaft, Palm\u00f6l, Rosenextrakt, Cranberries gefriergetrocknet, S\u00e4uerungsmittel: Citronens\u00e4ure; Aromen, Feuchthaltemittel: Invertase; Orangen\u00f6l, <strong>Magermilchpulver<\/strong>, Aroma &#8211; nat\u00fcrlich, Vanilleextrakt, \u00dcberzugsmittel: Gummi arabicum; Zimt, Emulgator: <strong>Sojalecithine<\/strong>; Farbstoffe: Echtes Karmin, Indigotin.<\/p>\n<table border=\"0\" width=\"350\" cellspacing=\"0\" cellpadding=\"0\">\n<tbody>\n<tr>\n<td valign=\"baseline\" width=\"350\"><\/td>\n<\/tr>\n<tr>\n<td valign=\"baseline\" width=\"350\">Allergene: Kann Spuren von anderen Schalenfr\u00fcchten und Gluten enthalten.<\/td>\n<\/tr>\n<tr>\n<td valign=\"baseline\" width=\"350\">Alkoholanteil: 2,1 %<\/td>\n<\/tr>\n<\/tbody>\n<\/table>\n<p>[\/et_pb_tab][et_pb_tab title=&#8220;N\u00e4hrwert von 100 g&#8220; _builder_version=&#8220;4.27.4&#8243; _module_preset=&#8220;default&#8220; hover_enabled=&#8220;0&#8243; global_colors_info=&#8220;{}&#8220; sticky_enabled=&#8220;0&#8243;]<\/p>\n<table border=\"0\" width=\"350\" cellspacing=\"0\" cellpadding=\"0\">\n<tbody>\n<tr>\n<td valign=\"baseline\" width=\"70\">Energie<\/td>\n<td align=\"right\" valign=\"baseline\" width=\"280\">2009 kJ \/ 480 kcal<\/td>\n<\/tr>\n<tr>\n<td valign=\"baseline\" width=\"131\">Fett<\/td>\n<td align=\"right\" valign=\"baseline\" width=\"219\">28 g<\/td>\n<\/tr>\n<tr>\n<td style=\"padding-left: 10px !important\" valign=\"baseline\" width=\"200\">davon ges\u00e4ttigte Fetts\u00e4uren<\/td>\n<td align=\"right\" valign=\"baseline\" width=\"150\">9,5 g<\/td>\n<\/tr>\n<tr>\n<td valign=\"baseline\" width=\"131\">Kohlenhydrate<\/td>\n<td align=\"right\" valign=\"baseline\" width=\"219\">46 g<\/td>\n<\/tr>\n<tr>\n<td style=\"padding-left: 10px !important\" valign=\"baseline\" width=\"131\">davon Zucker<\/td>\n<td align=\"right\" valign=\"baseline\" width=\"219\">44 g<\/td>\n<\/tr>\n<tr>\n<td valign=\"baseline\" width=\"131\">Eiwei\u00df<\/td>\n<td align=\"right\" valign=\"baseline\" width=\"219\">7,4 g<\/td>\n<\/tr>\n<tr>\n<td valign=\"baseline\" width=\"131\">Salz<\/td>\n<td align=\"right\" valign=\"baseline\" width=\"219\">0,04 g<\/td>\n<\/tr>\n<\/tbody>\n<\/table>\n<p>[\/et_pb_tab][\/et_pb_tabs][et_pb_wc_upsells _builder_version=&#8220;4.16&#8243; global_colors_info=&#8220;{}&#8220;][\/et_pb_wc_upsells][et_pb_wc_related_products _builder_version=&#8220;4.16&#8243; global_colors_info=&#8220;{}&#8220;][\/et_pb_wc_related_products][\/et_pb_column][\/et_pb_row][\/et_pb_section]<\/p>\n","protected":false},"excerpt":{"rendered":"<p>Inhalt: 1 (8,50 \u20ac \/ 100 g)<\/p>\n","protected":false},"featured_media":100,"template":"","meta":{"_et_pb_use_builder":"on","_et_pb_old_content":"Cointreau-Marzipan, Nusskonfekt, Geister-Kirsche, Pflaumenmarzipan, Pistazien-Praline, Kirsch-Marzipan. 100 g","_et_gb_content_width":""},"product_brand":[],"product_cat":[23],"product_tag":[],"class_list":{"0":"post-99","1":"product","2":"type-product","3":"status-publish","4":"has-post-thumbnail","6":"product_cat-beutelware","8":"first","9":"instock","10":"taxable","11":"shipping-taxable","12":"purchasable","13":"product-type-simple"},"yoast_head":"<!-- This site is optimized with the Yoast SEO plugin v25.3 - https:\/\/yoast.com\/wordpress\/plugins\/seo\/ -->\n<title>Marzipan Variation | Lanwehr Shop<\/title>\n<meta name=\"robots\" content=\"index, follow, max-snippet:-1, max-image-preview:large, max-video-preview:-1\" \/>\n<link rel=\"canonical\" href=\"https:\/\/www.lanwehr.eu\/shop\/produkt\/marzipan-variation\/\" \/>\n<meta property=\"og:locale\" content=\"de_DE\" \/>\n<meta property=\"og:type\" content=\"article\" \/>\n<meta property=\"og:title\" content=\"Marzipan Variation | Lanwehr Shop\" \/>\n<meta property=\"og:description\" content=\"Inhalt: 1 (8,50 \u20ac \/ 100 g)\" \/>\n<meta property=\"og:url\" content=\"https:\/\/www.lanwehr.eu\/shop\/produkt\/marzipan-variation\/\" \/>\n<meta property=\"og:site_name\" content=\"Lanwehr Shop\" \/>\n<meta property=\"article:modified_time\" content=\"2025-06-27T07:11:31+00:00\" \/>\n<meta property=\"og:image\" content=\"https:\/\/www.lanwehr.eu\/shop\/wp-content\/uploads\/31410.jpg\" \/>\n\t<meta property=\"og:image:width\" content=\"600\" \/>\n\t<meta property=\"og:image:height\" content=\"1000\" \/>\n\t<meta property=\"og:image:type\" content=\"image\/jpeg\" \/>\n<meta name=\"twitter:card\" content=\"summary_large_image\" \/>\n<meta name=\"twitter:label1\" content=\"Gesch\u00e4tzte Lesezeit\" \/>\n\t<meta name=\"twitter:data1\" content=\"2\u00a0Minuten\" \/>\n<script type=\"application\/ld+json\" class=\"yoast-schema-graph\">{\"@context\":\"https:\/\/schema.org\",\"@graph\":[{\"@type\":\"WebPage\",\"@id\":\"https:\/\/www.lanwehr.eu\/shop\/produkt\/marzipan-variation\/\",\"url\":\"https:\/\/www.lanwehr.eu\/shop\/produkt\/marzipan-variation\/\",\"name\":\"Marzipan Variation | Lanwehr Shop\",\"isPartOf\":{\"@id\":\"https:\/\/www.lanwehr.eu\/shop\/#website\"},\"primaryImageOfPage\":{\"@id\":\"https:\/\/www.lanwehr.eu\/shop\/produkt\/marzipan-variation\/#primaryimage\"},\"image\":{\"@id\":\"https:\/\/www.lanwehr.eu\/shop\/produkt\/marzipan-variation\/#primaryimage\"},\"thumbnailUrl\":\"https:\/\/www.lanwehr.eu\/shop\/wp-content\/uploads\/31410.jpg\",\"datePublished\":\"2016-10-04T14:56:17+00:00\",\"dateModified\":\"2025-06-27T07:11:31+00:00\",\"breadcrumb\":{\"@id\":\"https:\/\/www.lanwehr.eu\/shop\/produkt\/marzipan-variation\/#breadcrumb\"},\"inLanguage\":\"de\",\"potentialAction\":[{\"@type\":\"ReadAction\",\"target\":[\"https:\/\/www.lanwehr.eu\/shop\/produkt\/marzipan-variation\/\"]}]},{\"@type\":\"ImageObject\",\"inLanguage\":\"de\",\"@id\":\"https:\/\/www.lanwehr.eu\/shop\/produkt\/marzipan-variation\/#primaryimage\",\"url\":\"https:\/\/www.lanwehr.eu\/shop\/wp-content\/uploads\/31410.jpg\",\"contentUrl\":\"https:\/\/www.lanwehr.eu\/shop\/wp-content\/uploads\/31410.jpg\",\"width\":600,\"height\":1000,\"caption\":\"Lanwehr Beutelware Marzipan Variation\"},{\"@type\":\"BreadcrumbList\",\"@id\":\"https:\/\/www.lanwehr.eu\/shop\/produkt\/marzipan-variation\/#breadcrumb\",\"itemListElement\":[{\"@type\":\"ListItem\",\"position\":1,\"name\":\"Startseite\",\"item\":\"https:\/\/www.lanwehr.eu\/shop\/\"},{\"@type\":\"ListItem\",\"position\":2,\"name\":\"Produkte\",\"item\":\"https:\/\/www.lanwehr.eu\/shop\/shop\/\"},{\"@type\":\"ListItem\",\"position\":3,\"name\":\"Marzipan Variation\"}]},{\"@type\":\"WebSite\",\"@id\":\"https:\/\/www.lanwehr.eu\/shop\/#website\",\"url\":\"https:\/\/www.lanwehr.eu\/shop\/\",\"name\":\"Lanwehr Shop\",\"description\":\"Confiserie aus unserer Manufaktur\",\"publisher\":{\"@id\":\"https:\/\/www.lanwehr.eu\/shop\/#organization\"},\"potentialAction\":[{\"@type\":\"SearchAction\",\"target\":{\"@type\":\"EntryPoint\",\"urlTemplate\":\"https:\/\/www.lanwehr.eu\/shop\/?s={search_term_string}\"},\"query-input\":{\"@type\":\"PropertyValueSpecification\",\"valueRequired\":true,\"valueName\":\"search_term_string\"}}],\"inLanguage\":\"de\"},{\"@type\":\"Organization\",\"@id\":\"https:\/\/www.lanwehr.eu\/shop\/#organization\",\"name\":\"Lanwehr GmbH\",\"url\":\"https:\/\/www.lanwehr.eu\/shop\/\",\"logo\":{\"@type\":\"ImageObject\",\"inLanguage\":\"de\",\"@id\":\"https:\/\/www.lanwehr.eu\/shop\/#\/schema\/logo\/image\/\",\"url\":\"https:\/\/www.lanwehr.eu\/shop\/wp-content\/uploads\/logo_aufdunkel.png\",\"contentUrl\":\"https:\/\/www.lanwehr.eu\/shop\/wp-content\/uploads\/logo_aufdunkel.png\",\"width\":500,\"height\":100,\"caption\":\"Lanwehr GmbH\"},\"image\":{\"@id\":\"https:\/\/www.lanwehr.eu\/shop\/#\/schema\/logo\/image\/\"}}]}<\/script>\n<!-- \/ Yoast SEO plugin. -->","yoast_head_json":{"title":"Marzipan Variation | Lanwehr Shop","robots":{"index":"index","follow":"follow","max-snippet":"max-snippet:-1","max-image-preview":"max-image-preview:large","max-video-preview":"max-video-preview:-1"},"canonical":"https:\/\/www.lanwehr.eu\/shop\/produkt\/marzipan-variation\/","og_locale":"de_DE","og_type":"article","og_title":"Marzipan Variation | Lanwehr Shop","og_description":"Inhalt: 1 (8,50 \u20ac \/ 100 g)","og_url":"https:\/\/www.lanwehr.eu\/shop\/produkt\/marzipan-variation\/","og_site_name":"Lanwehr Shop","article_modified_time":"2025-06-27T07:11:31+00:00","og_image":[{"width":600,"height":1000,"url":"https:\/\/www.lanwehr.eu\/shop\/wp-content\/uploads\/31410.jpg","type":"image\/jpeg"}],"twitter_card":"summary_large_image","twitter_misc":{"Gesch\u00e4tzte Lesezeit":"2\u00a0Minuten"},"schema":{"@context":"https:\/\/schema.org","@graph":[{"@type":"WebPage","@id":"https:\/\/www.lanwehr.eu\/shop\/produkt\/marzipan-variation\/","url":"https:\/\/www.lanwehr.eu\/shop\/produkt\/marzipan-variation\/","name":"Marzipan Variation | Lanwehr Shop","isPartOf":{"@id":"https:\/\/www.lanwehr.eu\/shop\/#website"},"primaryImageOfPage":{"@id":"https:\/\/www.lanwehr.eu\/shop\/produkt\/marzipan-variation\/#primaryimage"},"image":{"@id":"https:\/\/www.lanwehr.eu\/shop\/produkt\/marzipan-variation\/#primaryimage"},"thumbnailUrl":"https:\/\/www.lanwehr.eu\/shop\/wp-content\/uploads\/31410.jpg","datePublished":"2016-10-04T14:56:17+00:00","dateModified":"2025-06-27T07:11:31+00:00","breadcrumb":{"@id":"https:\/\/www.lanwehr.eu\/shop\/produkt\/marzipan-variation\/#breadcrumb"},"inLanguage":"de","potentialAction":[{"@type":"ReadAction","target":["https:\/\/www.lanwehr.eu\/shop\/produkt\/marzipan-variation\/"]}]},{"@type":"ImageObject","inLanguage":"de","@id":"https:\/\/www.lanwehr.eu\/shop\/produkt\/marzipan-variation\/#primaryimage","url":"https:\/\/www.lanwehr.eu\/shop\/wp-content\/uploads\/31410.jpg","contentUrl":"https:\/\/www.lanwehr.eu\/shop\/wp-content\/uploads\/31410.jpg","width":600,"height":1000,"caption":"Lanwehr Beutelware Marzipan Variation"},{"@type":"BreadcrumbList","@id":"https:\/\/www.lanwehr.eu\/shop\/produkt\/marzipan-variation\/#breadcrumb","itemListElement":[{"@type":"ListItem","position":1,"name":"Startseite","item":"https:\/\/www.lanwehr.eu\/shop\/"},{"@type":"ListItem","position":2,"name":"Produkte","item":"https:\/\/www.lanwehr.eu\/shop\/shop\/"},{"@type":"ListItem","position":3,"name":"Marzipan Variation"}]},{"@type":"WebSite","@id":"https:\/\/www.lanwehr.eu\/shop\/#website","url":"https:\/\/www.lanwehr.eu\/shop\/","name":"Lanwehr Shop","description":"Confiserie aus unserer Manufaktur","publisher":{"@id":"https:\/\/www.lanwehr.eu\/shop\/#organization"},"potentialAction":[{"@type":"SearchAction","target":{"@type":"EntryPoint","urlTemplate":"https:\/\/www.lanwehr.eu\/shop\/?s={search_term_string}"},"query-input":{"@type":"PropertyValueSpecification","valueRequired":true,"valueName":"search_term_string"}}],"inLanguage":"de"},{"@type":"Organization","@id":"https:\/\/www.lanwehr.eu\/shop\/#organization","name":"Lanwehr GmbH","url":"https:\/\/www.lanwehr.eu\/shop\/","logo":{"@type":"ImageObject","inLanguage":"de","@id":"https:\/\/www.lanwehr.eu\/shop\/#\/schema\/logo\/image\/","url":"https:\/\/www.lanwehr.eu\/shop\/wp-content\/uploads\/logo_aufdunkel.png","contentUrl":"https:\/\/www.lanwehr.eu\/shop\/wp-content\/uploads\/logo_aufdunkel.png","width":500,"height":100,"caption":"Lanwehr GmbH"},"image":{"@id":"https:\/\/www.lanwehr.eu\/shop\/#\/schema\/logo\/image\/"}}]}},"_links":{"self":[{"href":"https:\/\/www.lanwehr.eu\/shop\/wp-json\/wp\/v2\/product\/99","targetHints":{"allow":["GET"]}}],"collection":[{"href":"https:\/\/www.lanwehr.eu\/shop\/wp-json\/wp\/v2\/product"}],"about":[{"href":"https:\/\/www.lanwehr.eu\/shop\/wp-json\/wp\/v2\/types\/product"}],"wp:featuredmedia":[{"embeddable":true,"href":"https:\/\/www.lanwehr.eu\/shop\/wp-json\/wp\/v2\/media\/100"}],"wp:attachment":[{"href":"https:\/\/www.lanwehr.eu\/shop\/wp-json\/wp\/v2\/media?parent=99"}],"wp:term":[{"taxonomy":"product_brand","embeddable":true,"href":"https:\/\/www.lanwehr.eu\/shop\/wp-json\/wp\/v2\/product_brand?post=99"},{"taxonomy":"product_cat","embeddable":true,"href":"https:\/\/www.lanwehr.eu\/shop\/wp-json\/wp\/v2\/product_cat?post=99"},{"taxonomy":"product_tag","embeddable":true,"href":"https:\/\/www.lanwehr.eu\/shop\/wp-json\/wp\/v2\/product_tag?post=99"}],"curies":[{"name":"wp","href":"https:\/\/api.w.org\/{rel}","templated":true}]}}